{"id":89,"date":"2011-08-20T22:20:03","date_gmt":"2011-08-20T20:20:03","guid":{"rendered":"http:\/\/adrenalink.fr\/blog\/?page_id=89"},"modified":"2016-03-16T19:32:52","modified_gmt":"2016-03-16T17:32:52","slug":"a-propos","status":"publish","type":"page","link":"https:\/\/adrenalink.fr\/blog\/a-propos\/","title":{"rendered":"\u00c0 Propos"},"content":{"rendered":"<p>&nbsp;<\/p>\n<p><code><\/code><strong>adrenalink<\/strong><\/p>\n<p>Graphiste-DA print et web depuis 1990, la diversit\u00e9 des engagements m\u2019a amen\u00e9 \u00e0 \u00e9largir et enrichir ma palette de savoirs en cr\u00e9ation graphique pour des entreprise diverses et dans des secteurs tr\u00e8s vari\u00e9s.<\/p>\n<p>20 ans d\u2019exp\u00e9rience \u2013 dont pr\u00e8s de 10 ans comme \u00ab\u00a0temp\u00a0\u00bb et free-lance \u00e0 Paris, Lyon et Gen\u00e8ve \u2013 fortement impliqu\u00e9 dans le d\u00e9veloppement de cellules de communication chez l\u2019annonceur ;\u00a0 j\u2019ai ainsi con\u00e7u des projets d\u2019identit\u00e9 visuelle, packaging ou internet en veillant \u00e9troitement au suivi de fabrication ou d\u2019int\u00e9gration n\u00e9cessaires \u00e0 leur concr\u00e9tisation.<\/p>\n<p>Depuis 2002, je cr\u00e9e \u00e9galement des carnets de voyage \u00e0 travers lesquels j\u2019explore la photographie, le dessin et l\u2019\u00e9criture, que je vous laisse d\u00e9couvrir dans ce blog.<\/p>\n<p>A cette passion tr\u00e8s plastique s\u2019en ajoute une autre pour les dioramas, ces d\u00e9cors de mod\u00e8les r\u00e9duits automobiles qui peuplaient mon enfance et qui continuent de me faire r\u00eaver, au m\u00eame titre que les paquebot dont je r\u00e9alise, quand j\u2019ai le temps, des maquettes.<\/p>\n<p>Bienvenue dans mon premier blog et n\u2019h\u00e9sitez pas \u00e0 me laisser un commentaire ; j\u2019entends le faire \u00e9voluer en tenant compte de vos remarques.<\/p>\n<p>&nbsp;<\/p>\n<p style=\"text-align: center;\"><a href=\"http:\/\/adrenalink.fr\/blog\/wp-content\/uploads\/2011\/08\/Andre_ear_SepQu.jpg\"><img loading=\"lazy\" class=\"size-full wp-image-231 aligncenter\" title=\"Andre_ear_SepQu\" src=\"http:\/\/adrenalink.fr\/blog\/wp-content\/uploads\/2011\/08\/Andre_ear_SepQu.jpg\" alt=\"\" width=\"509\" height=\"384\" srcset=\"https:\/\/adrenalink.fr\/blog\/wp-content\/uploads\/2011\/08\/Andre_ear_SepQu.jpg 509w, https:\/\/adrenalink.fr\/blog\/wp-content\/uploads\/2011\/08\/Andre_ear_SepQu-300x226.jpg 300w\" sizes=\"(max-width: 509px) 100vw, 509px\" \/><\/a><\/p>\n<p>&nbsp;<\/p>\n<h6><\/h6>\n","protected":false},"excerpt":{"rendered":"<p>&nbsp; adrenalink Graphiste-DA print et web depuis 1990, la diversit\u00e9 des engagements m\u2019a amen\u00e9 \u00e0 \u00e9largir et enrichir ma palette de savoirs en cr\u00e9ation graphique pour des entreprise diverses et dans des secteurs tr\u00e8s vari\u00e9s. 20 ans d\u2019exp\u00e9rience \u2013 dont pr\u00e8s de 10 ans comme \u00ab\u00a0temp\u00a0\u00bb et free-lance \u00e0 Paris, Lyon et Gen\u00e8ve \u2013 fortement [&hellip;]<\/p>\n","protected":false},"author":1,"featured_media":0,"parent":0,"menu_order":0,"comment_status":"closed","ping_status":"closed","template":"","meta":[],"aioseo_notices":[],"_links":{"self":[{"href":"https:\/\/adrenalink.fr\/blog\/wp-json\/wp\/v2\/pages\/89"}],"collection":[{"href":"https:\/\/adrenalink.fr\/blog\/wp-json\/wp\/v2\/pages"}],"about":[{"href":"https:\/\/adrenalink.fr\/blog\/wp-json\/wp\/v2\/types\/page"}],"author":[{"embeddable":true,"href":"https:\/\/adrenalink.fr\/blog\/wp-json\/wp\/v2\/users\/1"}],"replies":[{"embeddable":true,"href":"https:\/\/adrenalink.fr\/blog\/wp-json\/wp\/v2\/comments?post=89"}],"version-history":[{"count":15,"href":"https:\/\/adrenalink.fr\/blog\/wp-json\/wp\/v2\/pages\/89\/revisions"}],"predecessor-version":[{"id":810,"href":"https:\/\/adrenalink.fr\/blog\/wp-json\/wp\/v2\/pages\/89\/revisions\/810"}],"wp:attachment":[{"href":"https:\/\/adrenalink.fr\/blog\/wp-json\/wp\/v2\/media?parent=89"}],"curies":[{"name":"wp","href":"https:\/\/api.w.org\/{rel}","templated":true}]}}